{"id":39,"date":"2018-01-19T21:47:49","date_gmt":"2018-01-19T21:47:49","guid":{"rendered":"http:\/\/jungengymnasium-wattenscheid.de\/?page_id=39"},"modified":"2019-02-21T12:53:18","modified_gmt":"2019-02-21T11:53:18","slug":"mitglied-werden","status":"publish","type":"page","link":"https:\/\/ves-mswat.de\/?page_id=39","title":{"rendered":"Mitglied werden"},"content":{"rendered":"<h1><small><small>Mitgliedschaft<\/small><\/small><\/h1>\n<p>Vielen Dank f\u00fcr Ihr Interesse an unserem Verein!<br \/>\nWir hoffen Sie bald als ein neues Mitglied begr\u00fc\u00dfen zu d\u00fcrfen.<\/p>\n<p>Wenn sie dem Verein beitreten m\u00f6chten, k\u00f6nnen Sie\u00a0<a href=\"https:\/\/ves-mswat.de\/wp-content\/uploads\/2019\/01\/Beitrittsformular_VES.pdf\">hier<\/a> das Beitrittsformular downloaden, ausdrucken und hoffentlich unterschrieben an unseren Vorstand (<a href=\"mailto:vorstand@ves-mswat.de\">vorstand@ves-mswat.de<\/a>) zur\u00fccksenden. Alternativ k\u00f6nnen Sie das unterschriebene Formular auch per Post an unseren 1. Vorsitzenden schicken. Die Adresse finden Sie in der Fu\u00dfzeile des Beitrittsformulars.<\/p>\n<p>Um das Formular anzeigen zu k\u00f6nnen ben\u00f6tigen sie einen PDF-Reader. Sofern ihr PDF-Reader dies unterst\u00fctzt k\u00f6nnen sie das Formular am Computer ausf\u00fcllen und brauchen das ausgedruckte Formular anschlie\u00dfend nur noch zu unterschreiben.<\/p>\n<p><a href=\"https:\/\/ves-mswat.de\/wp-content\/uploads\/2019\/01\/Beitrittsformular_VES.pdf\">Beitrittsformular zum Download<\/a><\/p>\n","protected":false},"excerpt":{"rendered":"<p>Mitgliedschaft Vielen Dank f\u00fcr Ihr Interesse an unserem Verein! Wir hoffen Sie bald als ein neues Mitglied begr\u00fc\u00dfen zu d\u00fcrfen. Wenn sie dem Verein beitreten m\u00f6chten, k\u00f6nnen Sie\u00a0hier das Beitrittsformular downloaden, ausdrucken und hoffentlich unterschrieben an unseren Vorstand (vorstand@ves-mswat.de) zur\u00fccksenden.<\/p>\n","protected":false},"author":1,"featured_media":0,"parent":0,"menu_order":0,"comment_status":"closed","ping_status":"closed","template":"","meta":{"footnotes":""},"class_list":["post-39","page","type-page","status-publish","hentry"],"_links":{"self":[{"href":"https:\/\/ves-mswat.de\/index.php?rest_route=\/wp\/v2\/pages\/39","targetHints":{"allow":["GET"]}}],"collection":[{"href":"https:\/\/ves-mswat.de\/index.php?rest_route=\/wp\/v2\/pages"}],"about":[{"href":"https:\/\/ves-mswat.de\/index.php?rest_route=\/wp\/v2\/types\/page"}],"author":[{"embeddable":true,"href":"https:\/\/ves-mswat.de\/index.php?rest_route=\/wp\/v2\/users\/1"}],"replies":[{"embeddable":true,"href":"https:\/\/ves-mswat.de\/index.php?rest_route=%2Fwp%2Fv2%2Fcomments&post=39"}],"version-history":[{"count":9,"href":"https:\/\/ves-mswat.de\/index.php?rest_route=\/wp\/v2\/pages\/39\/revisions"}],"predecessor-version":[{"id":208,"href":"https:\/\/ves-mswat.de\/index.php?rest_route=\/wp\/v2\/pages\/39\/revisions\/208"}],"wp:attachment":[{"href":"https:\/\/ves-mswat.de\/index.php?rest_route=%2Fwp%2Fv2%2Fmedia&parent=39"}],"curies":[{"name":"wp","href":"https:\/\/api.w.org\/{rel}","templated":true}]}}