{"id":26,"date":"2018-01-19T21:43:33","date_gmt":"2018-01-19T21:43:33","guid":{"rendered":"http:\/\/jungengymnasium-wattenscheid.de\/?page_id=26"},"modified":"2024-02-19T20:39:24","modified_gmt":"2024-02-19T19:39:24","slug":"beirat","status":"publish","type":"page","link":"https:\/\/ves-mswat.de\/?page_id=26","title":{"rendered":"Beirat"},"content":{"rendered":"<table style=\"width: 99.6364%; height: 181px;\" border=\"1\" width=\"99%\" cellpadding=\"0\">\n<tbody>\n<tr style=\"height: 31px;\" valign=\"top\">\n<td style=\"width: 42.4859%; height: 31px;\" width=\"49%\" height=\"30\"><span style=\"font-family: Arial, Helvetica, sans-serif; font-size: medium; color: #000000;\">Name<\/span><\/td>\n<td style=\"width: 44.5141%; height: 31px;\" width=\"38%\" height=\"30\"><span style=\"font-family: Arial, Helvetica, sans-serif; font-size: medium; color: #000000;\">Beruf \/ Amt<\/span><\/td>\n<td style=\"width: 13%; height: 31px;\" width=\"13%\" height=\"30\"><span style=\"font-family: Arial, Helvetica, sans-serif; font-size: medium; color: #000000;\">Abitur<\/span><\/td>\n<\/tr>\n<tr style=\"height: 30px;\" valign=\"middle\">\n<td style=\"width: 42.4859%; height: 30px;\" width=\"49%\" height=\"25\"><span style=\"font-size: 10pt;\">Michael Mondin<\/span><\/td>\n<td style=\"width: 44.5141%; height: 30px;\" width=\"38%\" height=\"25\"><span style=\"font-size: 10pt;\">Kaufmann<\/span><\/td>\n<td style=\"width: 13%; height: 30px;\" width=\"13%\" height=\"25\"><\/td>\n<\/tr>\n<tr style=\"height: 30px;\" valign=\"middle\">\n<td style=\"width: 42.4859%; height: 30px;\" width=\"49%\" height=\"27\"><span style=\"font-size: 10pt;\">Michael Kopsch<br \/>\n<\/span><\/td>\n<td style=\"width: 44.5141%; height: 30px;\" width=\"38%\" height=\"27\"><\/td>\n<td style=\"width: 13%; height: 30px;\" width=\"13%\" height=\"27\"><span style=\"font-size: 10pt;\">1982<\/span><\/td>\n<\/tr>\n<tr style=\"height: 30px;\" valign=\"middle\">\n<td style=\"width: 42.4859%; height: 30px;\" width=\"49%\" height=\"25\"><span style=\"font-size: 10pt;\">Bj\u00f6rn Bottlaender <\/span><\/td>\n<td style=\"width: 44.5141%; height: 30px;\" width=\"38%\" height=\"25\"><span style=\"font-size: 10pt;\">IT-Security Engineer<\/span><\/td>\n<td style=\"width: 13%; height: 30px;\" width=\"13%\" height=\"25\"><span style=\"font-size: 10pt;\">2008<\/span><\/td>\n<\/tr>\n<tr style=\"height: 30px;\" valign=\"middle\">\n<td style=\"width: 42.4859%; height: 30px;\" width=\"49%\" height=\"25\"><span style=\"font-size: 10pt;\">Martin He\u00dfbr\u00fcggen<\/span><\/td>\n<td style=\"width: 44.5141%; height: 30px;\"><span style=\"font-size: 10pt;\">Lehrer<br \/>\n<\/span><\/td>\n<td style=\"width: 13%; height: 30px;\"><span style=\"font-size: 10pt;\">\u00a0<\/span><\/td>\n<\/tr>\n<tr style=\"height: 30px;\">\n<td style=\"width: 42.4859%; height: 30px;\"><span style=\"font-size: 10pt;\">Fabian Kurz<br \/>\n<\/span><\/td>\n<td style=\"width: 44.5141%; height: 30px;\"><span style=\"font-size: 10pt;\">Student<br \/>\n<\/span><\/td>\n<td style=\"width: 13%; height: 30px;\"><span style=\"font-size: 10pt;\">\u00a0<\/span><\/td>\n<\/tr>\n<tr>\n<td style=\"width: 42.4859%;\"><span style=\"font-size: 10pt;\">Christian Gode<br \/>\n<\/span><\/td>\n<td style=\"width: 44.5141%;\"><span style=\"font-size: 10pt;\">Lehrer<br \/>\n<\/span><\/td>\n<td style=\"width: 13%;\"><span style=\"font-size: 10pt;\">\u00a0<\/span><\/td>\n<\/tr>\n<\/tbody>\n<\/table>\n","protected":false},"excerpt":{"rendered":"<p>Name Beruf \/ Amt Abitur Michael Mondin Kaufmann Michael Kopsch 1982 Bj\u00f6rn Bottlaender IT-Security Engineer 2008 Martin He\u00dfbr\u00fcggen Lehrer \u00a0 Fabian Kurz Student \u00a0 Christian Gode Lehrer \u00a0<\/p>\n","protected":false},"author":1,"featured_media":0,"parent":24,"menu_order":0,"comment_status":"closed","ping_status":"closed","template":"","meta":{"footnotes":""},"class_list":["post-26","page","type-page","status-publish","hentry"],"_links":{"self":[{"href":"https:\/\/ves-mswat.de\/index.php?rest_route=\/wp\/v2\/pages\/26","targetHints":{"allow":["GET"]}}],"collection":[{"href":"https:\/\/ves-mswat.de\/index.php?rest_route=\/wp\/v2\/pages"}],"about":[{"href":"https:\/\/ves-mswat.de\/index.php?rest_route=\/wp\/v2\/types\/page"}],"author":[{"embeddable":true,"href":"https:\/\/ves-mswat.de\/index.php?rest_route=\/wp\/v2\/users\/1"}],"replies":[{"embeddable":true,"href":"https:\/\/ves-mswat.de\/index.php?rest_route=%2Fwp%2Fv2%2Fcomments&post=26"}],"version-history":[{"count":6,"href":"https:\/\/ves-mswat.de\/index.php?rest_route=\/wp\/v2\/pages\/26\/revisions"}],"predecessor-version":[{"id":387,"href":"https:\/\/ves-mswat.de\/index.php?rest_route=\/wp\/v2\/pages\/26\/revisions\/387"}],"up":[{"embeddable":true,"href":"https:\/\/ves-mswat.de\/index.php?rest_route=\/wp\/v2\/pages\/24"}],"wp:attachment":[{"href":"https:\/\/ves-mswat.de\/index.php?rest_route=%2Fwp%2Fv2%2Fmedia&parent=26"}],"curies":[{"name":"wp","href":"https:\/\/api.w.org\/{rel}","templated":true}]}}