{"id":20,"date":"2018-01-19T21:41:52","date_gmt":"2018-01-19T21:41:52","guid":{"rendered":"http:\/\/jungengymnasium-wattenscheid.de\/?page_id=20"},"modified":"2022-02-02T21:58:45","modified_gmt":"2022-02-02T20:58:45","slug":"impressum","status":"publish","type":"page","link":"https:\/\/ves-mswat.de\/?page_id=20","title":{"rendered":"Impressum"},"content":{"rendered":"<p align=\"left\"><span style=\"font-family: Arial, Helvetica, sans-serif; font-size: medium;\"><b>Impressum<\/b><\/span><\/p>\n<p align=\"left\"><span style=\"font-family: Arial, Helvetica, sans-serif; font-size: small;\"><span style=\"font-size: 12pt;\">Verantwortlicher:<\/span><\/span><\/p>\n<p align=\"left\"><span style=\"font-family: Arial, Helvetica, sans-serif; font-size: small;\"><span style=\"font-size: 12pt;\">Ulrich Zurwehn<\/span><br \/>\n<span style=\"font-size: 12pt;\">Harenburg 20<\/span><br \/>\n<span style=\"font-size: 12pt;\">44866 Bochum<\/span><br \/>\n<\/span><span style=\"font-family: Arial, Helvetica, sans-serif; font-size: small;\"><a href=\"mailto:vorstand@ves-mswat.de\">vorstand@ves-mswat.de<\/a><br \/>\n<\/span><\/p>\n<hr \/>\n<p><small><span style=\"font-family: Arial, Helvetica, sans-serif;\"><span style=\"font-family: Arial, Helvetica, sans-serif; font-size: medium;\"><small>Sollten Sie den Verein &#8211; und damit Ihre Schule &#8211; unterst\u00fctzen m\u00f6gen, Spenden bitte an:<\/small><\/span><\/span><\/small><\/p>\n<p><small><span style=\"font-family: Arial, Helvetica, sans-serif;\"><span style=\"font-family: Arial, Helvetica, sans-serif; font-size: medium;\"><small>Vereinigung ehemaliger Sch\u00fcler und Sch\u00fclerinnen der M\u00e4rkischen Schule e.V.<br \/>\nIBAN\u00a0\u00a0\u00a0 \u00a0\u00a0\u00a0 \u00a0\u00a0\u00a0 \u00a0\u00a0 DE53 4305 0001 0000 4126 50<br \/>\nBIC\u00a0\u00a0 \u00a0\u00a0\u00a0 \u00a0\u00a0\u00a0 \u00a0\u00a0\u00a0 \u00a0\u00a0WELADED1BOC<\/small><\/span><\/span><\/small><\/p>\n<p align=\"left\"><small>\u00a0<\/small><\/p>\n","protected":false},"excerpt":{"rendered":"<p>Impressum Verantwortlicher: Ulrich Zurwehn Harenburg 20 44866 Bochum vorstand@ves-mswat.de Sollten Sie den Verein &#8211; und damit Ihre Schule &#8211; unterst\u00fctzen m\u00f6gen, Spenden bitte an: Vereinigung ehemaliger Sch\u00fcler und Sch\u00fclerinnen der M\u00e4rkischen Schule e.V. IBAN\u00a0\u00a0\u00a0 \u00a0\u00a0\u00a0 \u00a0\u00a0\u00a0 \u00a0\u00a0 DE53 4305 0001<\/p>\n","protected":false},"author":1,"featured_media":0,"parent":0,"menu_order":0,"comment_status":"closed","ping_status":"closed","template":"","meta":{"footnotes":""},"class_list":["post-20","page","type-page","status-publish","hentry"],"_links":{"self":[{"href":"https:\/\/ves-mswat.de\/index.php?rest_route=\/wp\/v2\/pages\/20","targetHints":{"allow":["GET"]}}],"collection":[{"href":"https:\/\/ves-mswat.de\/index.php?rest_route=\/wp\/v2\/pages"}],"about":[{"href":"https:\/\/ves-mswat.de\/index.php?rest_route=\/wp\/v2\/types\/page"}],"author":[{"embeddable":true,"href":"https:\/\/ves-mswat.de\/index.php?rest_route=\/wp\/v2\/users\/1"}],"replies":[{"embeddable":true,"href":"https:\/\/ves-mswat.de\/index.php?rest_route=%2Fwp%2Fv2%2Fcomments&post=20"}],"version-history":[{"count":5,"href":"https:\/\/ves-mswat.de\/index.php?rest_route=\/wp\/v2\/pages\/20\/revisions"}],"predecessor-version":[{"id":312,"href":"https:\/\/ves-mswat.de\/index.php?rest_route=\/wp\/v2\/pages\/20\/revisions\/312"}],"wp:attachment":[{"href":"https:\/\/ves-mswat.de\/index.php?rest_route=%2Fwp%2Fv2%2Fmedia&parent=20"}],"curies":[{"name":"wp","href":"https:\/\/api.w.org\/{rel}","templated":true}]}}